{"id":126,"date":"2024-10-12T21:50:52","date_gmt":"2024-10-12T19:50:52","guid":{"rendered":"https:\/\/www.terheggendethlefsen.de\/?page_id=126"},"modified":"2024-11-18T14:38:46","modified_gmt":"2024-11-18T13:38:46","slug":"konservierungen","status":"publish","type":"page","link":"https:\/\/www.terheggendethlefsen.de\/en\/produkte\/funktionale-hilfsstoffe-loesungen\/konservierungen\/","title":{"rendered":"Conservations"},"content":{"rendered":"<div data-elementor-type=\"wp-page\" data-elementor-id=\"126\" class=\"elementor elementor-126\" data-elementor-post-type=\"page\">\n\t\t\t\t<div class=\"elementor-element elementor-element-6decc8e e-flex e-con-boxed e-con e-parent\" data-id=\"6decc8e\" data-element_type=\"container\" data-e-type=\"container\">\n\t\t\t\t\t<div class=\"e-con-inner\">\n\t\t<a class=\"elementor-element elementor-element-ce5b50d e-con-full e-flex e-con e-child\" data-id=\"ce5b50d\" data-element_type=\"container\" data-e-type=\"container\" href=\"\/en\/produkte\/funktionale-hilfsstoffe-loesungen\/konservierungen\/antioxidantien\/\">\n\t\t\t\t<div class=\"elementor-element elementor-element-d099374 elementor-widget elementor-widget-heading\" data-id=\"d099374\" data-element_type=\"widget\" data-e-type=\"widget\" data-widget_type=\"heading.default\">\n\t\t\t\t<div class=\"elementor-widget-container\">\n\t\t\t\t\t<h3 class=\"elementor-heading-title elementor-size-default\">Antioxidants<\/h3>\t\t\t\t<\/div>\n\t\t\t\t<\/div>\n\t\t\t\t<\/a>\n\t\t<a class=\"elementor-element elementor-element-6aa6993 e-con-full e-flex e-con e-child\" data-id=\"6aa6993\" data-element_type=\"container\" data-e-type=\"container\" href=\"\/en\/produkte\/funktionale-hilfsstoffe-loesungen\/konservierungen\/saeuerungsmittel\/\">\n\t\t\t\t<div class=\"elementor-element elementor-element-d011114 elementor-widget elementor-widget-heading\" data-id=\"d011114\" data-element_type=\"widget\" data-e-type=\"widget\" data-widget_type=\"heading.default\">\n\t\t\t\t<div class=\"elementor-widget-container\">\n\t\t\t\t\t<h3 class=\"elementor-heading-title elementor-size-default\">Acidifier<\/h3>\t\t\t\t<\/div>\n\t\t\t\t<\/div>\n\t\t\t\t<\/a>\n\t\t<a class=\"elementor-element elementor-element-0297929 e-con-full e-flex e-con e-child\" data-id=\"0297929\" data-element_type=\"container\" data-e-type=\"container\" href=\"\/en\/produkte\/funktionale-hilfsstoffe-loesungen\/konservierungen\/synthetische-konserveriungsstoffe\/\">\n\t\t\t\t<div class=\"elementor-element elementor-element-8c4c0d5 elementor-widget elementor-widget-heading\" data-id=\"8c4c0d5\" data-element_type=\"widget\" data-e-type=\"widget\" data-widget_type=\"heading.default\">\n\t\t\t\t<div class=\"elementor-widget-container\">\n\t\t\t\t\t<h3 class=\"elementor-heading-title elementor-size-default\">Synthetic preservatives<\/h3>\t\t\t\t<\/div>\n\t\t\t\t<\/div>\n\t\t\t\t<\/a>\n\t\t<a class=\"elementor-element elementor-element-02783b7 e-con-full e-flex e-con e-child\" data-id=\"02783b7\" data-element_type=\"container\" data-e-type=\"container\" href=\"\/en\/produkte\/funktionale-hilfsstoffe-loesungen\/konservierungen\/saeurebaeder\/\">\n\t\t\t\t<div class=\"elementor-element elementor-element-0bdccf4 elementor-widget elementor-widget-heading\" data-id=\"0bdccf4\" data-element_type=\"widget\" data-e-type=\"widget\" data-widget_type=\"heading.default\">\n\t\t\t\t<div class=\"elementor-widget-container\">\n\t\t\t\t\t<h3 class=\"elementor-heading-title elementor-size-default\">Acid baths<\/h3>\t\t\t\t<\/div>\n\t\t\t\t<\/div>\n\t\t\t\t<\/a>\n\t\t\t\t\t<\/div>\n\t\t\t\t<\/div>\n\t\t\t\t<\/div>","protected":false},"excerpt":{"rendered":"<p>Antioxidantien S\u00e4uerungsmittel Synthetische Konserveriungsstoffe S\u00e4ureb\u00e4der<\/p>","protected":false},"author":1,"featured_media":0,"parent":38,"menu_order":0,"comment_status":"closed","ping_status":"closed","template":"elementor_header_footer","meta":{"site-sidebar-layout":"no-sidebar","site-content-layout":"","ast-site-content-layout":"full-width-container","site-content-style":"default","site-sidebar-style":"default","ast-global-header-display":"","ast-banner-title-visibility":"","ast-main-header-display":"","ast-hfb-above-header-display":"","ast-hfb-below-header-display":"","ast-hfb-mobile-header-display":"","site-post-title":"disabled","ast-breadcrumbs-content":"","ast-featured-img":"disabled","footer-sml-layout":"","ast-disable-related-posts":"","theme-transparent-header-meta":"","adv-header-id-meta":"","stick-header-meta":"","header-above-stick-meta":"","header-main-stick-meta":"","header-below-stick-meta":"","astra-migrate-meta-layouts":"default","ast-page-background-enabled":"default","ast-page-background-meta":{"desktop":{"background-color":"var(--ast-global-color-4)","background-image":"","background-repeat":"repeat","background-position":"center center","background-size":"auto","background-attachment":"scroll","background-type":"","background-media":"","overlay-type":"","overlay-color":"","overlay-opacity":"","overlay-gradient":""},"tablet":{"background-color":"","background-image":"","background-repeat":"repeat","background-position":"center center","background-size":"auto","background-attachment":"scroll","background-type":"","background-media":"","overlay-type":"","overlay-color":"","overlay-opacity":"","overlay-gradient":""},"mobile":{"background-color":"","background-image":"","background-repeat":"repeat","background-position":"center center","background-size":"auto","background-attachment":"scroll","background-type":"","background-media":"","overlay-type":"","overlay-color":"","overlay-opacity":"","overlay-gradient":""}},"ast-content-background-meta":{"desktop":{"background-color":"var(--ast-global-color-5)","background-image":"","background-repeat":"repeat","background-position":"center center","background-size":"auto","background-attachment":"scroll","background-type":"","background-media":"","overlay-type":"","overlay-color":"","overlay-opacity":"","overlay-gradient":""},"tablet":{"background-color":"var(--ast-global-color-5)","background-image":"","background-repeat":"repeat","background-position":"center center","background-size":"auto","background-attachment":"scroll","background-type":"","background-media":"","overlay-type":"","overlay-color":"","overlay-opacity":"","overlay-gradient":""},"mobile":{"background-color":"var(--ast-global-color-5)","background-image":"","background-repeat":"repeat","background-position":"center center","background-size":"auto","background-attachment":"scroll","background-type":"","background-media":"","overlay-type":"","overlay-color":"","overlay-opacity":"","overlay-gradient":""}},"footnotes":""},"class_list":["post-126","page","type-page","status-publish","hentry"],"_links":{"self":[{"href":"https:\/\/www.terheggendethlefsen.de\/en\/wp-json\/wp\/v2\/pages\/126","targetHints":{"allow":["GET"]}}],"collection":[{"href":"https:\/\/www.terheggendethlefsen.de\/en\/wp-json\/wp\/v2\/pages"}],"about":[{"href":"https:\/\/www.terheggendethlefsen.de\/en\/wp-json\/wp\/v2\/types\/page"}],"author":[{"embeddable":true,"href":"https:\/\/www.terheggendethlefsen.de\/en\/wp-json\/wp\/v2\/users\/1"}],"replies":[{"embeddable":true,"href":"https:\/\/www.terheggendethlefsen.de\/en\/wp-json\/wp\/v2\/comments?post=126"}],"version-history":[{"count":4,"href":"https:\/\/www.terheggendethlefsen.de\/en\/wp-json\/wp\/v2\/pages\/126\/revisions"}],"predecessor-version":[{"id":839,"href":"https:\/\/www.terheggendethlefsen.de\/en\/wp-json\/wp\/v2\/pages\/126\/revisions\/839"}],"up":[{"embeddable":true,"href":"https:\/\/www.terheggendethlefsen.de\/en\/wp-json\/wp\/v2\/pages\/38"}],"wp:attachment":[{"href":"https:\/\/www.terheggendethlefsen.de\/en\/wp-json\/wp\/v2\/media?parent=126"}],"curies":[{"name":"wp","href":"https:\/\/api.w.org\/{rel}","templated":true}]}}