{"id":96,"date":"2024-10-12T21:45:31","date_gmt":"2024-10-12T19:45:31","guid":{"rendered":"https:\/\/www.terheggendethlefsen.de\/?page_id=96"},"modified":"2024-11-18T12:16:38","modified_gmt":"2024-11-18T11:16:38","slug":"bbq-ketchups","status":"publish","type":"page","link":"https:\/\/www.terheggendethlefsen.de\/en\/produkte\/compounds-fuer-ketchups\/bbq-ketchups\/","title":{"rendered":"BBQ ketchups"},"content":{"rendered":"<div data-elementor-type=\"wp-page\" data-elementor-id=\"96\" class=\"elementor elementor-96\" data-elementor-post-type=\"page\">\n\t\t\t\t<div class=\"elementor-element elementor-element-89c798a e-flex e-con-boxed e-con e-parent\" data-id=\"89c798a\" data-element_type=\"container\" data-e-type=\"container\">\n\t\t\t\t\t<div class=\"e-con-inner\">\n\t\t<a class=\"elementor-element elementor-element-7b34477 e-con-full e-flex e-con e-child\" data-id=\"7b34477\" data-element_type=\"container\" data-e-type=\"container\" href=\"\/en\/produkte\/compounds-fuer-ketchups\/bbq-ketchups\/klassische-bbq-ketchups\/\">\n\t\t\t\t<div class=\"elementor-element elementor-element-97be31a elementor-widget elementor-widget-heading\" data-id=\"97be31a\" data-element_type=\"widget\" data-e-type=\"widget\" data-widget_type=\"heading.default\">\n\t\t\t\t<div class=\"elementor-widget-container\">\n\t\t\t\t\t<h3 class=\"elementor-heading-title elementor-size-default\">Classic BBQ ketchups<\/h3>\t\t\t\t<\/div>\n\t\t\t\t<\/div>\n\t\t\t\t<\/a>\n\t\t<a class=\"elementor-element elementor-element-512f581 e-con-full e-flex e-con e-child\" data-id=\"512f581\" data-element_type=\"container\" data-e-type=\"container\" href=\"\/en\/produkte\/compounds-fuer-ketchups\/bbq-ketchups\/rauchige-bbq-ketchups\/\">\n\t\t\t\t<div class=\"elementor-element elementor-element-883fad4 elementor-widget elementor-widget-heading\" data-id=\"883fad4\" data-element_type=\"widget\" data-e-type=\"widget\" data-widget_type=\"heading.default\">\n\t\t\t\t<div class=\"elementor-widget-container\">\n\t\t\t\t\t<h3 class=\"elementor-heading-title elementor-size-default\">Smoky BBQ ketchups<\/h3>\t\t\t\t<\/div>\n\t\t\t\t<\/div>\n\t\t\t\t<\/a>\n\t\t<a class=\"elementor-element elementor-element-47c9647 e-con-full e-flex e-con e-child\" data-id=\"47c9647\" data-element_type=\"container\" data-e-type=\"container\" href=\"\/en\/produkte\/compounds-fuer-ketchups\/bbq-ketchups\/milde-bbq-ketchups\/\">\n\t\t\t\t<div class=\"elementor-element elementor-element-69ce58d elementor-widget elementor-widget-heading\" data-id=\"69ce58d\" data-element_type=\"widget\" data-e-type=\"widget\" data-widget_type=\"heading.default\">\n\t\t\t\t<div class=\"elementor-widget-container\">\n\t\t\t\t\t<h3 class=\"elementor-heading-title elementor-size-default\">Mild BBQ ketchups<\/h3>\t\t\t\t<\/div>\n\t\t\t\t<\/div>\n\t\t\t\t<\/a>\n\t\t<a class=\"elementor-element elementor-element-e55a558 e-con-full e-flex e-con e-child\" data-id=\"e55a558\" data-element_type=\"container\" data-e-type=\"container\" href=\"\/en\/produkte\/compounds-fuer-ketchups\/bbq-ketchups\/scharfe-bbq-ketchups\/\">\n\t\t\t\t<div class=\"elementor-element elementor-element-49f802e elementor-widget elementor-widget-heading\" data-id=\"49f802e\" data-element_type=\"widget\" data-e-type=\"widget\" data-widget_type=\"heading.default\">\n\t\t\t\t<div class=\"elementor-widget-container\">\n\t\t\t\t\t<h3 class=\"elementor-heading-title elementor-size-default\">Hot BBQ ketchups<\/h3>\t\t\t\t<\/div>\n\t\t\t\t<\/div>\n\t\t\t\t<\/a>\n\t\t\t\t\t<\/div>\n\t\t\t\t<\/div>\n\t\t<div class=\"elementor-element elementor-element-311333d e-flex e-con-boxed e-con e-parent\" data-id=\"311333d\" data-element_type=\"container\" data-e-type=\"container\">\n\t\t\t\t\t<div class=\"e-con-inner\">\n\t\t<a class=\"elementor-element elementor-element-72bd126 e-con-full e-flex e-con e-child\" data-id=\"72bd126\" data-element_type=\"container\" data-e-type=\"container\" href=\"\/en\/produkte\/compounds-fuer-ketchups\/bbq-ketchups\/suesse-bbq-ketchups\/\">\n\t\t\t\t<div class=\"elementor-element elementor-element-5024f7f elementor-widget elementor-widget-heading\" data-id=\"5024f7f\" data-element_type=\"widget\" data-e-type=\"widget\" data-widget_type=\"heading.default\">\n\t\t\t\t<div class=\"elementor-widget-container\">\n\t\t\t\t\t<h3 class=\"elementor-heading-title elementor-size-default\">Sweet BBQ ketchups<\/h3>\t\t\t\t<\/div>\n\t\t\t\t<\/div>\n\t\t\t\t<\/a>\n\t\t<a class=\"elementor-element elementor-element-38a34bc e-con-full e-flex e-con e-child\" data-id=\"38a34bc\" data-element_type=\"container\" data-e-type=\"container\" href=\"\/en\/produkte\/compounds-fuer-ketchups\/bbq-ketchups\/kraeuter-bbq-ketchups\/\">\n\t\t\t\t<div class=\"elementor-element elementor-element-29ab041 elementor-widget elementor-widget-heading\" data-id=\"29ab041\" data-element_type=\"widget\" data-e-type=\"widget\" data-widget_type=\"heading.default\">\n\t\t\t\t<div class=\"elementor-widget-container\">\n\t\t\t\t\t<h3 class=\"elementor-heading-title elementor-size-default\">Herb BBQ ketchups<\/h3>\t\t\t\t<\/div>\n\t\t\t\t<\/div>\n\t\t\t\t<\/a>\n\t\t<div class=\"elementor-element elementor-element-abf001b e-con-full elementor-hidden-tablet elementor-hidden-mobile e-flex e-con e-child\" data-id=\"abf001b\" data-element_type=\"container\" data-e-type=\"container\">\n\t\t\t\t<\/div>\n\t\t<div class=\"elementor-element elementor-element-96a92a1 e-con-full elementor-hidden-tablet elementor-hidden-mobile e-flex e-con e-child\" data-id=\"96a92a1\" data-element_type=\"container\" data-e-type=\"container\">\n\t\t\t\t<\/div>\n\t\t\t\t\t<\/div>\n\t\t\t\t<\/div>\n\t\t\t\t<\/div>","protected":false},"excerpt":{"rendered":"<p>Klassische BBQ-Ketchups Rauchige BBQ-Ketchups Milde BBQ Ketchups Scharfe BBQ-Ketchups S\u00fc\u00dfe BBQ-Ketchups Kr\u00e4uter-BBQ-Ketchups<\/p>","protected":false},"author":1,"featured_media":0,"parent":30,"menu_order":0,"comment_status":"closed","ping_status":"closed","template":"elementor_header_footer","meta":{"site-sidebar-layout":"no-sidebar","site-content-layout":"","ast-site-content-layout":"full-width-container","site-content-style":"default","site-sidebar-style":"default","ast-global-header-display":"","ast-banner-title-visibility":"","ast-main-header-display":"","ast-hfb-above-header-display":"","ast-hfb-below-header-display":"","ast-hfb-mobile-header-display":"","site-post-title":"disabled","ast-breadcrumbs-content":"","ast-featured-img":"disabled","footer-sml-layout":"","ast-disable-related-posts":"","theme-transparent-header-meta":"","adv-header-id-meta":"","stick-header-meta":"","header-above-stick-meta":"","header-main-stick-meta":"","header-below-stick-meta":"","astra-migrate-meta-layouts":"default","ast-page-background-enabled":"default","ast-page-background-meta":{"desktop":{"background-color":"var(--ast-global-color-4)","background-image":"","background-repeat":"repeat","background-position":"center center","background-size":"auto","background-attachment":"scroll","background-type":"","background-media":"","overlay-type":"","overlay-color":"","overlay-opacity":"","overlay-gradient":""},"tablet":{"background-color":"","background-image":"","background-repeat":"repeat","background-position":"center center","background-size":"auto","background-attachment":"scroll","background-type":"","background-media":"","overlay-type":"","overlay-color":"","overlay-opacity":"","overlay-gradient":""},"mobile":{"background-color":"","background-image":"","background-repeat":"repeat","background-position":"center center","background-size":"auto","background-attachment":"scroll","background-type":"","background-media":"","overlay-type":"","overlay-color":"","overlay-opacity":"","overlay-gradient":""}},"ast-content-background-meta":{"desktop":{"background-color":"var(--ast-global-color-5)","background-image":"","background-repeat":"repeat","background-position":"center center","background-size":"auto","background-attachment":"scroll","background-type":"","background-media":"","overlay-type":"","overlay-color":"","overlay-opacity":"","overlay-gradient":""},"tablet":{"background-color":"var(--ast-global-color-5)","background-image":"","background-repeat":"repeat","background-position":"center center","background-size":"auto","background-attachment":"scroll","background-type":"","background-media":"","overlay-type":"","overlay-color":"","overlay-opacity":"","overlay-gradient":""},"mobile":{"background-color":"var(--ast-global-color-5)","background-image":"","background-repeat":"repeat","background-position":"center center","background-size":"auto","background-attachment":"scroll","background-type":"","background-media":"","overlay-type":"","overlay-color":"","overlay-opacity":"","overlay-gradient":""}},"footnotes":""},"class_list":["post-96","page","type-page","status-publish","hentry"],"_links":{"self":[{"href":"https:\/\/www.terheggendethlefsen.de\/en\/wp-json\/wp\/v2\/pages\/96","targetHints":{"allow":["GET"]}}],"collection":[{"href":"https:\/\/www.terheggendethlefsen.de\/en\/wp-json\/wp\/v2\/pages"}],"about":[{"href":"https:\/\/www.terheggendethlefsen.de\/en\/wp-json\/wp\/v2\/types\/page"}],"author":[{"embeddable":true,"href":"https:\/\/www.terheggendethlefsen.de\/en\/wp-json\/wp\/v2\/users\/1"}],"replies":[{"embeddable":true,"href":"https:\/\/www.terheggendethlefsen.de\/en\/wp-json\/wp\/v2\/comments?post=96"}],"version-history":[{"count":10,"href":"https:\/\/www.terheggendethlefsen.de\/en\/wp-json\/wp\/v2\/pages\/96\/revisions"}],"predecessor-version":[{"id":790,"href":"https:\/\/www.terheggendethlefsen.de\/en\/wp-json\/wp\/v2\/pages\/96\/revisions\/790"}],"up":[{"embeddable":true,"href":"https:\/\/www.terheggendethlefsen.de\/en\/wp-json\/wp\/v2\/pages\/30"}],"wp:attachment":[{"href":"https:\/\/www.terheggendethlefsen.de\/en\/wp-json\/wp\/v2\/media?parent=96"}],"curies":[{"name":"wp","href":"https:\/\/api.w.org\/{rel}","templated":true}]}}