{"id":14,"date":"2024-10-12T20:07:49","date_gmt":"2024-10-12T18:07:49","guid":{"rendered":"https:\/\/www.terheggendethlefsen.de\/?page_id=14"},"modified":"2025-01-16T10:52:18","modified_gmt":"2025-01-16T09:52:18","slug":"ueber-uns","status":"publish","type":"page","link":"https:\/\/www.terheggendethlefsen.de\/fr\/ueber-uns\/","title":{"rendered":"\u00c0 propos de nous"},"content":{"rendered":"<div data-elementor-type=\"wp-page\" data-elementor-id=\"14\" class=\"elementor elementor-14\" data-elementor-post-type=\"page\">\n\t\t\t\t<div class=\"elementor-element elementor-element-2d7f159 e-flex e-con-boxed e-con e-parent\" data-id=\"2d7f159\" data-element_type=\"container\" data-e-type=\"container\" data-settings=\"{&quot;background_background&quot;:&quot;classic&quot;}\">\n\t\t\t\t\t<div class=\"e-con-inner\">\n\t\t\t\t<div class=\"elementor-element elementor-element-e88ec3b elementor-widget elementor-widget-heading\" data-id=\"e88ec3b\" data-element_type=\"widget\" data-e-type=\"widget\" data-widget_type=\"heading.default\">\n\t\t\t\t<div class=\"elementor-widget-container\">\n\t\t\t\t\t<h1 class=\"elementor-heading-title elementor-size-default\">\u00c0 propos de nous<\/h1>\t\t\t\t<\/div>\n\t\t\t\t<\/div>\n\t\t\t\t\t<\/div>\n\t\t\t\t<\/div>\n\t\t<div class=\"elementor-element elementor-element-43d96d0 e-flex e-con-boxed e-con e-parent\" data-id=\"43d96d0\" data-element_type=\"container\" data-e-type=\"container\">\n\t\t\t\t\t<div class=\"e-con-inner\">\n\t\t<div class=\"elementor-element elementor-element-f5dea88 e-con-full e-flex e-con e-child\" data-id=\"f5dea88\" data-element_type=\"container\" data-e-type=\"container\">\n\t\t\t\t<div class=\"elementor-element elementor-element-8287c0a elementor-widget elementor-widget-heading\" data-id=\"8287c0a\" data-element_type=\"widget\" data-e-type=\"widget\" data-widget_type=\"heading.default\">\n\t\t\t\t<div class=\"elementor-widget-container\">\n\t\t\t\t\t<h2 class=\"elementor-heading-title elementor-size-default\">Notre expertise<\/h2>\t\t\t\t<\/div>\n\t\t\t\t<\/div>\n\t\t\t\t<div class=\"elementor-element elementor-element-99206d2 elementor-widget elementor-widget-text-editor\" data-id=\"99206d2\" data-element_type=\"widget\" data-e-type=\"widget\" data-widget_type=\"text-editor.default\">\n\t\t\t\t<div class=\"elementor-widget-container\">\n\t\t\t\t\t\t\t\t\t<p>Nous disposons d'une grande exp\u00e9rience et de vastes connaissances en mati\u00e8re de d\u00e9veloppement et de fabrication de produits pour l'industrie alimentaire.<\/p><p>C'est pourquoi nous vous accompagnons \u00e9galement dans la conception du processus de production ainsi que dans les essais \u00e0 grande \u00e9chelle. Pour que vos id\u00e9es et nos ingr\u00e9dients donnent naissance \u00e0 un produit r\u00e9ussi, nous collaborons avec vos ing\u00e9nieurs des proc\u00e9d\u00e9s et vos technologues.<\/p><p>Nous suivons en permanence les tendances internationales en mati\u00e8re d'alimentation et de produits. Nous pouvons ainsi soutenir de mani\u00e8re optimale votre succ\u00e8s sur le march\u00e9, m\u00eame \u00e0 long terme.<\/p>\t\t\t\t\t\t\t\t<\/div>\n\t\t\t\t<\/div>\n\t\t\t\t<\/div>\n\t\t<div class=\"elementor-element elementor-element-308c51a e-con-full e-flex e-con e-child\" data-id=\"308c51a\" data-element_type=\"container\" data-e-type=\"container\">\n\t\t\t\t<div class=\"elementor-element elementor-element-d4c78db elementor-widget elementor-widget-image\" data-id=\"d4c78db\" data-element_type=\"widget\" data-e-type=\"widget\" data-widget_type=\"image.default\">\n\t\t\t\t<div class=\"elementor-widget-container\">\n\t\t\t\t\t\t\t\t\t\t\t\t\t\t\t<img fetchpriority=\"high\" decoding=\"async\" width=\"1024\" height=\"683\" src=\"https:\/\/www.terheggendethlefsen.de\/wp-content\/uploads\/2024\/11\/GUT_0044b-1024x683.jpg\" class=\"attachment-large size-large wp-image-425\" alt=\"\" srcset=\"https:\/\/www.terheggendethlefsen.de\/wp-content\/uploads\/2024\/11\/GUT_0044b-1024x683.jpg 1024w, https:\/\/www.terheggendethlefsen.de\/wp-content\/uploads\/2024\/11\/GUT_0044b-300x200.jpg 300w, https:\/\/www.terheggendethlefsen.de\/wp-content\/uploads\/2024\/11\/GUT_0044b-768x512.jpg 768w, https:\/\/www.terheggendethlefsen.de\/wp-content\/uploads\/2024\/11\/GUT_0044b-1536x1025.jpg 1536w, https:\/\/www.terheggendethlefsen.de\/wp-content\/uploads\/2024\/11\/GUT_0044b-2048x1366.jpg 2048w\" sizes=\"(max-width: 1024px) 100vw, 1024px\" \/>\t\t\t\t\t\t\t\t\t\t\t\t\t\t\t<\/div>\n\t\t\t\t<\/div>\n\t\t\t\t<\/div>\n\t\t\t\t\t<\/div>\n\t\t\t\t<\/div>\n\t\t<div class=\"elementor-element elementor-element-011ba82 e-flex e-con-boxed e-con e-parent\" data-id=\"011ba82\" data-element_type=\"container\" data-e-type=\"container\">\n\t\t\t\t\t<div class=\"e-con-inner\">\n\t\t<div class=\"elementor-element elementor-element-de212d6 e-con-full e-flex e-con e-child\" data-id=\"de212d6\" data-element_type=\"container\" data-e-type=\"container\">\n\t\t\t\t<div class=\"elementor-element elementor-element-8e7f142 elementor-widget elementor-widget-image\" data-id=\"8e7f142\" data-element_type=\"widget\" data-e-type=\"widget\" data-widget_type=\"image.default\">\n\t\t\t\t<div class=\"elementor-widget-container\">\n\t\t\t\t\t\t\t\t\t\t\t\t\t\t\t<img decoding=\"async\" width=\"683\" height=\"1024\" src=\"https:\/\/www.terheggendethlefsen.de\/wp-content\/uploads\/2024\/11\/GUT_0244c-683x1024.jpg\" class=\"attachment-large size-large wp-image-428\" alt=\"\" srcset=\"https:\/\/www.terheggendethlefsen.de\/wp-content\/uploads\/2024\/11\/GUT_0244c-683x1024.jpg 683w, https:\/\/www.terheggendethlefsen.de\/wp-content\/uploads\/2024\/11\/GUT_0244c-200x300.jpg 200w, https:\/\/www.terheggendethlefsen.de\/wp-content\/uploads\/2024\/11\/GUT_0244c-768x1151.jpg 768w, https:\/\/www.terheggendethlefsen.de\/wp-content\/uploads\/2024\/11\/GUT_0244c-1025x1536.jpg 1025w, https:\/\/www.terheggendethlefsen.de\/wp-content\/uploads\/2024\/11\/GUT_0244c-1366x2048.jpg 1366w, https:\/\/www.terheggendethlefsen.de\/wp-content\/uploads\/2024\/11\/GUT_0244c-scaled.jpg 1708w\" sizes=\"(max-width: 683px) 100vw, 683px\" \/>\t\t\t\t\t\t\t\t\t\t\t\t\t\t\t<\/div>\n\t\t\t\t<\/div>\n\t\t\t\t<\/div>\n\t\t<div class=\"elementor-element elementor-element-a10a49d e-con-full e-flex e-con e-child\" data-id=\"a10a49d\" data-element_type=\"container\" data-e-type=\"container\">\n\t\t\t\t<div class=\"elementor-element elementor-element-f46cbbd elementor-widget elementor-widget-heading\" data-id=\"f46cbbd\" data-element_type=\"widget\" data-e-type=\"widget\" data-widget_type=\"heading.default\">\n\t\t\t\t<div class=\"elementor-widget-container\">\n\t\t\t\t\t<h2 class=\"elementor-heading-title elementor-size-default\">Histoire<\/h2>\t\t\t\t<\/div>\n\t\t\t\t<\/div>\n\t\t\t\t<div class=\"elementor-element elementor-element-1260a5a elementor-widget elementor-widget-heading\" data-id=\"1260a5a\" data-element_type=\"widget\" data-e-type=\"widget\" data-widget_type=\"heading.default\">\n\t\t\t\t<div class=\"elementor-widget-container\">\n\t\t\t\t\t<h3 class=\"elementor-heading-title elementor-size-default\">Des innovations qui s'inscrivent dans la tradition<\/h3>\t\t\t\t<\/div>\n\t\t\t\t<\/div>\n\t\t\t\t<div class=\"elementor-element elementor-element-486485c elementor-widget elementor-widget-text-editor\" data-id=\"486485c\" data-element_type=\"widget\" data-e-type=\"widget\" data-widget_type=\"text-editor.default\">\n\t\t\t\t<div class=\"elementor-widget-container\">\n\t\t\t\t\t\t\t\t\t<p>Terheggen et Dethlefsen peut se targuer d'une histoire de plus de 90 ans. Fond\u00e9e en 1929 \u00e0 Hambourg, l'entreprise a d'abord \u00e9t\u00e9 un importateur classique de mati\u00e8res premi\u00e8res.<\/p><p>L'industrialisation de l'industrie alimentaire exigeait cependant des produits de plus en plus complexes et nos clients avaient de plus en plus besoin, en plus des m\u00e9langes d'\u00e9pices, d'ingr\u00e9dients fonctionnels qui ont \u00e9t\u00e9 d\u00e9velopp\u00e9s et optimis\u00e9s par nos sp\u00e9cialistes.<\/p><p>Cette expertise de plusieurs d\u00e9cennies a \u00e9t\u00e9 la base d'une activit\u00e9 de conseil compl\u00e8te, allant de la cr\u00e9ation de recettes et de produits sp\u00e9cifiques au client \u00e0 l'accompagnement de la production chez le client.<\/p><p>En collaboration avec nos clients, nous avons d\u00e9j\u00e0 d\u00e9velopp\u00e9 et mis sur le march\u00e9 plus de 2 500 produits.<\/p>\t\t\t\t\t\t\t\t<\/div>\n\t\t\t\t<\/div>\n\t\t\t\t<\/div>\n\t\t\t\t\t<\/div>\n\t\t\t\t<\/div>\n\t\t<div class=\"elementor-element elementor-element-f3f2875 e-flex e-con-boxed e-con e-parent\" data-id=\"f3f2875\" data-element_type=\"container\" data-e-type=\"container\">\n\t\t\t\t\t<div class=\"e-con-inner\">\n\t\t\t\t<div class=\"elementor-element elementor-element-8e90a10 elementor-widget elementor-widget-heading\" data-id=\"8e90a10\" data-element_type=\"widget\" data-e-type=\"widget\" data-widget_type=\"heading.default\">\n\t\t\t\t<div class=\"elementor-widget-container\">\n\t\t\t\t\t<h2 class=\"elementor-heading-title elementor-size-default\">Direction<\/h2>\t\t\t\t<\/div>\n\t\t\t\t<\/div>\n\t\t<div class=\"elementor-element elementor-element-7a2c3f7 e-con-full e-flex e-con e-child\" data-id=\"7a2c3f7\" data-element_type=\"container\" data-e-type=\"container\">\n\t\t<div class=\"elementor-element elementor-element-751f9ab e-con-full e-flex e-con e-child\" data-id=\"751f9ab\" data-element_type=\"container\" data-e-type=\"container\">\n\t\t\t\t<div class=\"elementor-element elementor-element-ac80065 elementor-position-top elementor-widget elementor-widget-image-box\" data-id=\"ac80065\" data-element_type=\"widget\" data-e-type=\"widget\" data-widget_type=\"image-box.default\">\n\t\t\t\t<div class=\"elementor-widget-container\">\n\t\t\t\t\t<div class=\"elementor-image-box-wrapper\"><figure class=\"elementor-image-box-img\"><img decoding=\"async\" width=\"750\" height=\"1047\" src=\"https:\/\/www.terheggendethlefsen.de\/wp-content\/uploads\/2024\/10\/madlen-reichert.jpg\" class=\"attachment-full size-full wp-image-242\" alt=\"\" srcset=\"https:\/\/www.terheggendethlefsen.de\/wp-content\/uploads\/2024\/10\/madlen-reichert.jpg 750w, https:\/\/www.terheggendethlefsen.de\/wp-content\/uploads\/2024\/10\/madlen-reichert-215x300.jpg 215w, https:\/\/www.terheggendethlefsen.de\/wp-content\/uploads\/2024\/10\/madlen-reichert-734x1024.jpg 734w\" sizes=\"(max-width: 750px) 100vw, 750px\" \/><\/figure><div class=\"elementor-image-box-content\"><h2 class=\"elementor-image-box-title\">Madlen Reichert<\/h2><p class=\"elementor-image-box-description\">Responsable du d\u00e9veloppement des produits et de la gestion de la qualit\u00e9\n<\/p><\/div><\/div>\t\t\t\t<\/div>\n\t\t\t\t<\/div>\n\t\t\t\t<\/div>\n\t\t<div class=\"elementor-element elementor-element-babcdf6 e-con-full e-flex e-con e-child\" data-id=\"babcdf6\" data-element_type=\"container\" data-e-type=\"container\">\n\t\t\t\t<div class=\"elementor-element elementor-element-60499ce elementor-position-top elementor-widget elementor-widget-image-box\" data-id=\"60499ce\" data-element_type=\"widget\" data-e-type=\"widget\" data-widget_type=\"image-box.default\">\n\t\t\t\t<div class=\"elementor-widget-container\">\n\t\t\t\t\t<div class=\"elementor-image-box-wrapper\"><figure class=\"elementor-image-box-img\"><img loading=\"lazy\" decoding=\"async\" width=\"750\" height=\"1047\" src=\"https:\/\/www.terheggendethlefsen.de\/wp-content\/uploads\/2024\/10\/arne-constantin-schirrer.jpg\" class=\"attachment-full size-full wp-image-243\" alt=\"\" srcset=\"https:\/\/www.terheggendethlefsen.de\/wp-content\/uploads\/2024\/10\/arne-constantin-schirrer.jpg 750w, https:\/\/www.terheggendethlefsen.de\/wp-content\/uploads\/2024\/10\/arne-constantin-schirrer-215x300.jpg 215w, https:\/\/www.terheggendethlefsen.de\/wp-content\/uploads\/2024\/10\/arne-constantin-schirrer-734x1024.jpg 734w\" sizes=\"(max-width: 750px) 100vw, 750px\" \/><\/figure><div class=\"elementor-image-box-content\"><h2 class=\"elementor-image-box-title\">Arne Constantin Schirra<\/h2><p class=\"elementor-image-box-description\">Directeur g\u00e9n\u00e9ral<\/p><\/div><\/div>\t\t\t\t<\/div>\n\t\t\t\t<\/div>\n\t\t\t\t<\/div>\n\t\t<div class=\"elementor-element elementor-element-e1350b3 e-con-full e-flex e-con e-child\" data-id=\"e1350b3\" data-element_type=\"container\" data-e-type=\"container\">\n\t\t\t\t<div class=\"elementor-element elementor-element-5291a12 elementor-position-top elementor-widget elementor-widget-image-box\" data-id=\"5291a12\" data-element_type=\"widget\" data-e-type=\"widget\" data-widget_type=\"image-box.default\">\n\t\t\t\t<div class=\"elementor-widget-container\">\n\t\t\t\t\t<div class=\"elementor-image-box-wrapper\"><figure class=\"elementor-image-box-img\"><img loading=\"lazy\" decoding=\"async\" width=\"750\" height=\"1047\" src=\"https:\/\/www.terheggendethlefsen.de\/wp-content\/uploads\/2024\/10\/sonja-wagner.jpg\" class=\"attachment-full size-full wp-image-244\" alt=\"\" srcset=\"https:\/\/www.terheggendethlefsen.de\/wp-content\/uploads\/2024\/10\/sonja-wagner.jpg 750w, https:\/\/www.terheggendethlefsen.de\/wp-content\/uploads\/2024\/10\/sonja-wagner-215x300.jpg 215w, https:\/\/www.terheggendethlefsen.de\/wp-content\/uploads\/2024\/10\/sonja-wagner-734x1024.jpg 734w\" sizes=\"(max-width: 750px) 100vw, 750px\" \/><\/figure><div class=\"elementor-image-box-content\"><h2 class=\"elementor-image-box-title\">Sonja Wagner<\/h2><p class=\"elementor-image-box-description\">Directeur de l'usine<\/p><\/div><\/div>\t\t\t\t<\/div>\n\t\t\t\t<\/div>\n\t\t\t\t<\/div>\n\t\t\t\t<\/div>\n\t\t\t\t\t<\/div>\n\t\t\t\t<\/div>\n\t\t\t\t<\/div>","protected":false},"excerpt":{"rendered":"<p>\u00dcber uns Unsere Expertise Wir verf\u00fcgen \u00fcber gro\u00dfe Erfahrung und umfangreiches Fachwissen \u00fcber die Entwicklung und Herstellung von Produkten f\u00fcr [&hellip;]<\/p>\n","protected":false},"author":1,"featured_media":0,"parent":0,"menu_order":0,"comment_status":"closed","ping_status":"closed","template":"elementor_header_footer","meta":{"site-sidebar-layout":"no-sidebar","site-content-layout":"","ast-site-content-layout":"full-width-container","site-content-style":"default","site-sidebar-style":"default","ast-global-header-display":"","ast-banner-title-visibility":"","ast-main-header-display":"","ast-hfb-above-header-display":"","ast-hfb-below-header-display":"","ast-hfb-mobile-header-display":"","site-post-title":"disabled","ast-breadcrumbs-content":"","ast-featured-img":"disabled","footer-sml-layout":"","ast-disable-related-posts":"","theme-transparent-header-meta":"","adv-header-id-meta":"","stick-header-meta":"","header-above-stick-meta":"","header-main-stick-meta":"","header-below-stick-meta":"","astra-migrate-meta-layouts":"default","ast-page-background-enabled":"default","ast-page-background-meta":{"desktop":{"background-color":"var(--ast-global-color-4)","background-image":"","background-repeat":"repeat","background-position":"center center","background-size":"auto","background-attachment":"scroll","background-type":"","background-media":"","overlay-type":"","overlay-color":"","overlay-opacity":"","overlay-gradient":""},"tablet":{"background-color":"","background-image":"","background-repeat":"repeat","background-position":"center center","background-size":"auto","background-attachment":"scroll","background-type":"","background-media":"","overlay-type":"","overlay-color":"","overlay-opacity":"","overlay-gradient":""},"mobile":{"background-color":"","background-image":"","background-repeat":"repeat","background-position":"center center","background-size":"auto","background-attachment":"scroll","background-type":"","background-media":"","overlay-type":"","overlay-color":"","overlay-opacity":"","overlay-gradient":""}},"ast-content-background-meta":{"desktop":{"background-color":"var(--ast-global-color-5)","background-image":"","background-repeat":"repeat","background-position":"center center","background-size":"auto","background-attachment":"scroll","background-type":"","background-media":"","overlay-type":"","overlay-color":"","overlay-opacity":"","overlay-gradient":""},"tablet":{"background-color":"var(--ast-global-color-5)","background-image":"","background-repeat":"repeat","background-position":"center center","background-size":"auto","background-attachment":"scroll","background-type":"","background-media":"","overlay-type":"","overlay-color":"","overlay-opacity":"","overlay-gradient":""},"mobile":{"background-color":"var(--ast-global-color-5)","background-image":"","background-repeat":"repeat","background-position":"center center","background-size":"auto","background-attachment":"scroll","background-type":"","background-media":"","overlay-type":"","overlay-color":"","overlay-opacity":"","overlay-gradient":""}},"footnotes":""},"class_list":["post-14","page","type-page","status-publish","hentry"],"_links":{"self":[{"href":"https:\/\/www.terheggendethlefsen.de\/fr\/wp-json\/wp\/v2\/pages\/14","targetHints":{"allow":["GET"]}}],"collection":[{"href":"https:\/\/www.terheggendethlefsen.de\/fr\/wp-json\/wp\/v2\/pages"}],"about":[{"href":"https:\/\/www.terheggendethlefsen.de\/fr\/wp-json\/wp\/v2\/types\/page"}],"author":[{"embeddable":true,"href":"https:\/\/www.terheggendethlefsen.de\/fr\/wp-json\/wp\/v2\/users\/1"}],"replies":[{"embeddable":true,"href":"https:\/\/www.terheggendethlefsen.de\/fr\/wp-json\/wp\/v2\/comments?post=14"}],"version-history":[{"count":10,"href":"https:\/\/www.terheggendethlefsen.de\/fr\/wp-json\/wp\/v2\/pages\/14\/revisions"}],"predecessor-version":[{"id":1624,"href":"https:\/\/www.terheggendethlefsen.de\/fr\/wp-json\/wp\/v2\/pages\/14\/revisions\/1624"}],"wp:attachment":[{"href":"https:\/\/www.terheggendethlefsen.de\/fr\/wp-json\/wp\/v2\/media?parent=14"}],"curies":[{"name":"wp","href":"https:\/\/api.w.org\/{rel}","templated":true}]}}