{"id":178,"date":"2024-10-13T11:39:22","date_gmt":"2024-10-13T09:39:22","guid":{"rendered":"https:\/\/www.terheggendethlefsen.de\/?page_id=178"},"modified":"2025-01-16T10:49:38","modified_gmt":"2025-01-16T09:49:38","slug":"impressum","status":"publish","type":"page","link":"https:\/\/www.terheggendethlefsen.de\/fr\/impressum\/","title":{"rendered":"Mentions l\u00e9gales"},"content":{"rendered":"<div data-elementor-type=\"wp-page\" data-elementor-id=\"178\" class=\"elementor elementor-178\" data-elementor-post-type=\"page\">\n\t\t\t\t<div class=\"elementor-element elementor-element-0861b21 e-flex e-con-boxed e-con e-parent\" data-id=\"0861b21\" data-element_type=\"container\" data-e-type=\"container\">\n\t\t\t\t\t<div class=\"e-con-inner\">\n\t\t\t\t<div class=\"elementor-element elementor-element-582f69f elementor-widget elementor-widget-text-editor\" data-id=\"582f69f\" data-element_type=\"widget\" data-e-type=\"widget\" data-widget_type=\"text-editor.default\">\n\t\t\t\t<div class=\"elementor-widget-container\">\n\t\t\t\t\t\t\t\t\t<h1>Mentions l\u00e9gales<\/h1><p><strong>Terheggen &amp; Dethlefsen - Food Engineering GmbH<br \/><\/strong><strong>Ottensener Stra\u00dfe 130<\/strong><br \/><strong>22525 Hambourg - Stellingen<\/strong><\/p><p>T\u00e9l\u00e9phone : +49 (0) 40 547793-0<br \/>Adresse Internet : <a href=\"http:\/\/www.terheggen-dethlefsen.de\">www.terheggen-dethlefsen.de<\/a><br \/>Courrier \u00e9lectronique : <a href=\"mailto:info@terheggen-dethlefsen.de\">info@terheggen-dethlefsen.de<\/a><\/p><p>Nom officiel de l'entreprise :<br \/>Terheggen &amp; Dethlefsen - Food Engineering GmbH<\/p><p>Responsable :<br \/>Arne C. Schirra, directeur g\u00e9n\u00e9ral<\/p><p>Inscription au registre :<br \/>Lieu de juridiction : Hambourg - HRB 50963<br \/>Num\u00e9ro de TVA : DE 118543039<br \/>Num\u00e9ro de l'organisme d'\u00e9co-contr\u00f4le : DE-\u00d6KO-001<\/p><p>R\u00e9daction : TESCH politische Kommunikation &amp; PR <a href=\"http:\/\/www.tesch.info\">www.tesch.info<\/a><\/p><p>Photos : Olaf Tamm <a href=\"http:\/\/www.olaftamm.de\">www.olaftamm.de<\/a>,<br \/>Terheggen &amp; Dethlefsen, IStock<\/p><h2>D\u00e9veloppement par :<\/h2><p><a href=\"https:\/\/enzominkoley.com\" target=\"_blank\" rel=\"noopener\">D\u00e9veloppement web Enzo Minkoley<\/a><br \/>Courrier \u00e9lectronique : <a href=\"mailto:info@enzominkoley.com\">info@enzominkoley.com<\/a><br \/><a href=\"https:\/\/enzominkoley.com\" target=\"_blank\" rel=\"noopener\">www.enzominkoley.com<\/a><\/p>\t\t\t\t\t\t\t\t<\/div>\n\t\t\t\t<\/div>\n\t\t\t\t\t<\/div>\n\t\t\t\t<\/div>\n\t\t\t\t<\/div>","protected":false},"excerpt":{"rendered":"<p>Impressum Terheggen &amp; Dethlefsen \u2013 Food Engineering GmbHOttensener Stra\u00dfe 13022525 Hamburg \u2013 Stellingen Telefon: +49 (0) 40 547793-0Internetadresse: www.terheggen-dethlefsen.deE-Mail: info@terheggen-dethlefsen.de [&hellip;]<\/p>\n","protected":false},"author":1,"featured_media":0,"parent":0,"menu_order":0,"comment_status":"closed","ping_status":"closed","template":"elementor_header_footer","meta":{"site-sidebar-layout":"no-sidebar","site-content-layout":"","ast-site-content-layout":"full-width-container","site-content-style":"default","site-sidebar-style":"default","ast-global-header-display":"","ast-banner-title-visibility":"","ast-main-header-display":"","ast-hfb-above-header-display":"","ast-hfb-below-header-display":"","ast-hfb-mobile-header-display":"","site-post-title":"disabled","ast-breadcrumbs-content":"","ast-featured-img":"disabled","footer-sml-layout":"","ast-disable-related-posts":"","theme-transparent-header-meta":"","adv-header-id-meta":"","stick-header-meta":"","header-above-stick-meta":"","header-main-stick-meta":"","header-below-stick-meta":"","astra-migrate-meta-layouts":"default","ast-page-background-enabled":"default","ast-page-background-meta":{"desktop":{"background-color":"var(--ast-global-color-4)","background-image":"","background-repeat":"repeat","background-position":"center center","background-size":"auto","background-attachment":"scroll","background-type":"","background-media":"","overlay-type":"","overlay-color":"","overlay-opacity":"","overlay-gradient":""},"tablet":{"background-color":"","background-image":"","background-repeat":"repeat","background-position":"center center","background-size":"auto","background-attachment":"scroll","background-type":"","background-media":"","overlay-type":"","overlay-color":"","overlay-opacity":"","overlay-gradient":""},"mobile":{"background-color":"","background-image":"","background-repeat":"repeat","background-position":"center center","background-size":"auto","background-attachment":"scroll","background-type":"","background-media":"","overlay-type":"","overlay-color":"","overlay-opacity":"","overlay-gradient":""}},"ast-content-background-meta":{"desktop":{"background-color":"var(--ast-global-color-5)","background-image":"","background-repeat":"repeat","background-position":"center center","background-size":"auto","background-attachment":"scroll","background-type":"","background-media":"","overlay-type":"","overlay-color":"","overlay-opacity":"","overlay-gradient":""},"tablet":{"background-color":"var(--ast-global-color-5)","background-image":"","background-repeat":"repeat","background-position":"center center","background-size":"auto","background-attachment":"scroll","background-type":"","background-media":"","overlay-type":"","overlay-color":"","overlay-opacity":"","overlay-gradient":""},"mobile":{"background-color":"var(--ast-global-color-5)","background-image":"","background-repeat":"repeat","background-position":"center center","background-size":"auto","background-attachment":"scroll","background-type":"","background-media":"","overlay-type":"","overlay-color":"","overlay-opacity":"","overlay-gradient":""}},"footnotes":""},"class_list":["post-178","page","type-page","status-publish","hentry"],"_links":{"self":[{"href":"https:\/\/www.terheggendethlefsen.de\/fr\/wp-json\/wp\/v2\/pages\/178","targetHints":{"allow":["GET"]}}],"collection":[{"href":"https:\/\/www.terheggendethlefsen.de\/fr\/wp-json\/wp\/v2\/pages"}],"about":[{"href":"https:\/\/www.terheggendethlefsen.de\/fr\/wp-json\/wp\/v2\/types\/page"}],"author":[{"embeddable":true,"href":"https:\/\/www.terheggendethlefsen.de\/fr\/wp-json\/wp\/v2\/users\/1"}],"replies":[{"embeddable":true,"href":"https:\/\/www.terheggendethlefsen.de\/fr\/wp-json\/wp\/v2\/comments?post=178"}],"version-history":[{"count":7,"href":"https:\/\/www.terheggendethlefsen.de\/fr\/wp-json\/wp\/v2\/pages\/178\/revisions"}],"predecessor-version":[{"id":1614,"href":"https:\/\/www.terheggendethlefsen.de\/fr\/wp-json\/wp\/v2\/pages\/178\/revisions\/1614"}],"wp:attachment":[{"href":"https:\/\/www.terheggendethlefsen.de\/fr\/wp-json\/wp\/v2\/media?parent=178"}],"curies":[{"name":"wp","href":"https:\/\/api.w.org\/{rel}","templated":true}]}}